{"id":838,"date":"2016-05-21T10:31:21","date_gmt":"2016-05-21T08:31:21","guid":{"rendered":"http:\/\/www.justsardinia.it\/?page_id=838"},"modified":"2016-05-21T10:31:21","modified_gmt":"2016-05-21T08:31:21","slug":"excursions-en-4x4","status":"publish","type":"page","link":"http:\/\/ncc-taxicostasmeralda.it\/index.php\/fr\/excursions-2\/excursions-en-4x4\/","title":{"rendered":"Excursions en 4X4"},"content":{"rendered":"<h3>Une exploration hors du commun<\/h3>\n<p style=\"text-align: justify;\"><a href=\"\/wp-content\/uploads\/2016\/02\/fuoristrada.jpg\" rel=\"attachment wp-att-433\" data-rel=\"lightbox-image-0\" data-rl_title=\"\" data-rl_caption=\"\" title=\"\"><img loading=\"lazy\" class=\"size-thumbnail wp-image-433 alignleft\" src=\"\/wp-content\/uploads\/2016\/02\/fuoristrada-150x150.jpg\" alt=\"fuoristrada\" width=\"150\" height=\"150\" \/><\/a>Grace \u00e0 de puissants 4&#215;4, nous donnons \u00e0 nos clients, la possibilit\u00e9 de visiter des zones singuli\u00e8res et cach\u00e9es du nord de la Sardaigne en passant par ses plages jusqu\u2019\u00e0 ses pays, ses Nuraghes, ses villages, ses vall\u00e9es, ses plaines et ses montagnes.<\/p>\n<p style=\"text-align: justify;\">Nous vous accompagnerons pour vous faire d\u00e9couvrir une terre diff\u00e9rente, riches en faunes, flores, cultures et traditions.<\/p>\n<p style=\"text-align: justify;\">Les excursions en 4&#215;4 sont id\u00e9ales pour les personnes peu expertes dans les randonn\u00e9es \u00e0 pieds ou \u00e0 cheval, et donnent donc la possibilit\u00e9 \u00e0 tous de jouir d\u2019un monde naturel et non contamin\u00e9 comme celui que l\u2019on trouve dans le centre de la Sardaigne.<\/p>\n<p style=\"text-align: justify;\">Nos conducteurs sont des experts dans la conduite en condition extr\u00eame, ils vous illustrerons aussi \u00a0les petites particularit\u00e9s de l\u2019architecture sarde et connaissent tr\u00e8s bien la r\u00e9gion.<\/p>\n<p style=\"text-align: justify;\">Ils vous feront passer une journ\u00e9e inoubliable et vous appr\u00e9cierez chaque d\u00e9tail qui fait de notre ile une merveille.<\/p>\n","protected":false},"excerpt":{"rendered":"<p>Une exploration hors du commun Grace \u00e0 de puissants 4&#215;4, nous donnons \u00e0 nos clients, la possibilit\u00e9 de visiter des zones singuli\u00e8res et cach\u00e9es du nord de la Sardaigne en passant par ses plages jusqu\u2019\u00e0 ses pays, ses Nuraghes, ses villages, ses vall\u00e9es, ses plaines et ses montagnes. Nous vous [&hellip;]<\/p>\n","protected":false},"author":118,"featured_media":234,"parent":830,"menu_order":0,"comment_status":"closed","ping_status":"closed","template":"","meta":[],"yoast_head":"<!-- This site is optimized with the Yoast SEO plugin v17.0 - https:\/\/yoast.com\/wordpress\/plugins\/seo\/ -->\r\n<title>Excursions en 4X4 - Just Sardinia<\/title>\r\n<meta name=\"robots\" content=\"index, follow, max-snippet:-1, max-image-preview:large, max-video-preview:-1\" \/>\r\n<link rel=\"canonical\" href=\"http:\/\/ncc-taxicostasmeralda.it\/index.php\/fr\/excursions-2\/excursions-en-4x4\/\" \/>\r\n<meta property=\"og:locale\" content=\"it_IT\" \/>\r\n<meta property=\"og:type\" content=\"article\" \/>\r\n<meta property=\"og:title\" content=\"Excursions en 4X4 - Just Sardinia\" \/>\r\n<meta property=\"og:description\" content=\"Une exploration hors du commun Grace \u00e0 de puissants 4&#215;4, nous donnons \u00e0 nos clients, la possibilit\u00e9 de visiter des zones singuli\u00e8res et cach\u00e9es du nord de la Sardaigne en passant par ses plages jusqu\u2019\u00e0 ses pays, ses Nuraghes, ses villages, ses vall\u00e9es, ses plaines et ses montagnes. Nous vous [&hellip;]\" \/>\r\n<meta property=\"og:url\" content=\"http:\/\/ncc-taxicostasmeralda.it\/index.php\/fr\/excursions-2\/excursions-en-4x4\/\" \/>\r\n<meta property=\"og:site_name\" content=\"Just Sardinia\" \/>\r\n<meta property=\"og:image\" content=\"http:\/\/taxisantateresa.it\/wp-content\/uploads\/2015\/12\/fuoristrada.jpg\" \/>\r\n\t<meta property=\"og:image:width\" content=\"1024\" \/>\r\n\t<meta property=\"og:image:height\" content=\"160\" \/>\r\n<meta name=\"twitter:card\" content=\"summary_large_image\" \/>\r\n<meta name=\"twitter:label1\" content=\"Tempo di lettura stimato\" \/>\n\t<meta name=\"twitter:data1\" content=\"1 minuto\" \/>\r\n<script type=\"application\/ld+json\" class=\"yoast-schema-graph\">{\"@context\":\"https:\/\/schema.org\",\"@graph\":[{\"@type\":\"WebSite\",\"@id\":\"http:\/\/ncc-taxisantateresagallura.it\/index.php\/en\/#website\",\"url\":\"http:\/\/ncc-taxisantateresagallura.it\/index.php\/en\/\",\"name\":\"Just Sardinia\",\"description\":\"...the best way to travel\",\"potentialAction\":[{\"@type\":\"SearchAction\",\"target\":{\"@type\":\"EntryPoint\",\"urlTemplate\":\"http:\/\/ncc-taxisantateresagallura.it\/index.php\/en\/?s={search_term_string}\"},\"query-input\":\"required name=search_term_string\"}],\"inLanguage\":\"it-IT\"},{\"@type\":\"ImageObject\",\"@id\":\"http:\/\/ncc-taxicostasmeralda.it\/index.php\/fr\/excursions-2\/excursions-en-4x4\/#primaryimage\",\"inLanguage\":\"it-IT\",\"url\":\"http:\/\/ncc-taxicostasmeralda.it\/wp-content\/uploads\/2015\/12\/fuoristrada.jpg\",\"contentUrl\":\"http:\/\/ncc-taxicostasmeralda.it\/wp-content\/uploads\/2015\/12\/fuoristrada.jpg\",\"width\":1024,\"height\":160},{\"@type\":\"WebPage\",\"@id\":\"http:\/\/ncc-taxicostasmeralda.it\/index.php\/fr\/excursions-2\/excursions-en-4x4\/#webpage\",\"url\":\"http:\/\/ncc-taxicostasmeralda.it\/index.php\/fr\/excursions-2\/excursions-en-4x4\/\",\"name\":\"Excursions en 4X4 - Just Sardinia\",\"isPartOf\":{\"@id\":\"http:\/\/ncc-taxisantateresagallura.it\/index.php\/en\/#website\"},\"primaryImageOfPage\":{\"@id\":\"http:\/\/ncc-taxicostasmeralda.it\/index.php\/fr\/excursions-2\/excursions-en-4x4\/#primaryimage\"},\"datePublished\":\"2016-05-21T08:31:21+00:00\",\"dateModified\":\"2016-05-21T08:31:21+00:00\",\"breadcrumb\":{\"@id\":\"http:\/\/ncc-taxicostasmeralda.it\/index.php\/fr\/excursions-2\/excursions-en-4x4\/#breadcrumb\"},\"inLanguage\":\"it-IT\",\"potentialAction\":[{\"@type\":\"ReadAction\",\"target\":[\"http:\/\/ncc-taxicostasmeralda.it\/index.php\/fr\/excursions-2\/excursions-en-4x4\/\"]}]},{\"@type\":\"BreadcrumbList\",\"@id\":\"http:\/\/ncc-taxicostasmeralda.it\/index.php\/fr\/excursions-2\/excursions-en-4x4\/#breadcrumb\",\"itemListElement\":[{\"@type\":\"ListItem\",\"position\":1,\"name\":\"Home\",\"item\":\"http:\/\/ncc-taxisantateresagallura.it\/index.php\/en\/\"},{\"@type\":\"ListItem\",\"position\":2,\"name\":\"Excursions\",\"item\":\"http:\/\/ncc-taxisantateresagallura.it\/index.php\/fr\/excursions-2\/\"},{\"@type\":\"ListItem\",\"position\":3,\"name\":\"Excursions en 4X4\"}]}]}<\/script>\r\n<!-- \/ Yoast SEO plugin. -->","yoast_head_json":{"title":"Excursions en 4X4 - Just Sardinia","robots":{"index":"index","follow":"follow","max-snippet":"max-snippet:-1","max-image-preview":"max-image-preview:large","max-video-preview":"max-video-preview:-1"},"canonical":"http:\/\/ncc-taxicostasmeralda.it\/index.php\/fr\/excursions-2\/excursions-en-4x4\/","og_locale":"it_IT","og_type":"article","og_title":"Excursions en 4X4 - Just Sardinia","og_description":"Une exploration hors du commun Grace \u00e0 de puissants 4&#215;4, nous donnons \u00e0 nos clients, la possibilit\u00e9 de visiter des zones singuli\u00e8res et cach\u00e9es du nord de la Sardaigne en passant par ses plages jusqu\u2019\u00e0 ses pays, ses Nuraghes, ses villages, ses vall\u00e9es, ses plaines et ses montagnes. Nous vous [&hellip;]","og_url":"http:\/\/ncc-taxicostasmeralda.it\/index.php\/fr\/excursions-2\/excursions-en-4x4\/","og_site_name":"Just Sardinia","og_image":[{"width":1024,"height":160,"url":"http:\/\/taxisantateresa.it\/wp-content\/uploads\/2015\/12\/fuoristrada.jpg","path":"C:\\inetpub\\wwwroot\\WP_justsardinia\/wp-content\/uploads\/2015\/12\/fuoristrada.jpg","size":"full","id":234,"alt":"","pixels":163840,"type":"image\/jpeg"}],"twitter_card":"summary_large_image","twitter_misc":{"Tempo di lettura stimato":"1 minuto"},"schema":{"@context":"https:\/\/schema.org","@graph":[{"@type":"WebSite","@id":"http:\/\/ncc-taxisantateresagallura.it\/index.php\/en\/#website","url":"http:\/\/ncc-taxisantateresagallura.it\/index.php\/en\/","name":"Just Sardinia","description":"...the best way to travel","potentialAction":[{"@type":"SearchAction","target":{"@type":"EntryPoint","urlTemplate":"http:\/\/ncc-taxisantateresagallura.it\/index.php\/en\/?s={search_term_string}"},"query-input":"required name=search_term_string"}],"inLanguage":"it-IT"},{"@type":"ImageObject","@id":"http:\/\/ncc-taxicostasmeralda.it\/index.php\/fr\/excursions-2\/excursions-en-4x4\/#primaryimage","inLanguage":"it-IT","url":"http:\/\/ncc-taxicostasmeralda.it\/wp-content\/uploads\/2015\/12\/fuoristrada.jpg","contentUrl":"http:\/\/ncc-taxicostasmeralda.it\/wp-content\/uploads\/2015\/12\/fuoristrada.jpg","width":1024,"height":160},{"@type":"WebPage","@id":"http:\/\/ncc-taxicostasmeralda.it\/index.php\/fr\/excursions-2\/excursions-en-4x4\/#webpage","url":"http:\/\/ncc-taxicostasmeralda.it\/index.php\/fr\/excursions-2\/excursions-en-4x4\/","name":"Excursions en 4X4 - Just Sardinia","isPartOf":{"@id":"http:\/\/ncc-taxisantateresagallura.it\/index.php\/en\/#website"},"primaryImageOfPage":{"@id":"http:\/\/ncc-taxicostasmeralda.it\/index.php\/fr\/excursions-2\/excursions-en-4x4\/#primaryimage"},"datePublished":"2016-05-21T08:31:21+00:00","dateModified":"2016-05-21T08:31:21+00:00","breadcrumb":{"@id":"http:\/\/ncc-taxicostasmeralda.it\/index.php\/fr\/excursions-2\/excursions-en-4x4\/#breadcrumb"},"inLanguage":"it-IT","potentialAction":[{"@type":"ReadAction","target":["http:\/\/ncc-taxicostasmeralda.it\/index.php\/fr\/excursions-2\/excursions-en-4x4\/"]}]},{"@type":"BreadcrumbList","@id":"http:\/\/ncc-taxicostasmeralda.it\/index.php\/fr\/excursions-2\/excursions-en-4x4\/#breadcrumb","itemListElement":[{"@type":"ListItem","position":1,"name":"Home","item":"http:\/\/ncc-taxisantateresagallura.it\/index.php\/en\/"},{"@type":"ListItem","position":2,"name":"Excursions","item":"http:\/\/ncc-taxisantateresagallura.it\/index.php\/fr\/excursions-2\/"},{"@type":"ListItem","position":3,"name":"Excursions en 4X4"}]}]}},"_links":{"self":[{"href":"http:\/\/ncc-taxicostasmeralda.it\/index.php\/wp-json\/wp\/v2\/pages\/838"}],"collection":[{"href":"http:\/\/ncc-taxicostasmeralda.it\/index.php\/wp-json\/wp\/v2\/pages"}],"about":[{"href":"http:\/\/ncc-taxicostasmeralda.it\/index.php\/wp-json\/wp\/v2\/types\/page"}],"author":[{"embeddable":true,"href":"http:\/\/ncc-taxicostasmeralda.it\/index.php\/wp-json\/wp\/v2\/users\/118"}],"replies":[{"embeddable":true,"href":"http:\/\/ncc-taxicostasmeralda.it\/index.php\/wp-json\/wp\/v2\/comments?post=838"}],"version-history":[{"count":1,"href":"http:\/\/ncc-taxicostasmeralda.it\/index.php\/wp-json\/wp\/v2\/pages\/838\/revisions"}],"predecessor-version":[{"id":839,"href":"http:\/\/ncc-taxicostasmeralda.it\/index.php\/wp-json\/wp\/v2\/pages\/838\/revisions\/839"}],"up":[{"embeddable":true,"href":"http:\/\/ncc-taxicostasmeralda.it\/index.php\/wp-json\/wp\/v2\/pages\/830"}],"wp:featuredmedia":[{"embeddable":true,"href":"http:\/\/ncc-taxicostasmeralda.it\/index.php\/wp-json\/wp\/v2\/media\/234"}],"wp:attachment":[{"href":"http:\/\/ncc-taxicostasmeralda.it\/index.php\/wp-json\/wp\/v2\/media?parent=838"}],"curies":[{"name":"wp","href":"https:\/\/api.w.org\/{rel}","templated":true}]}}