{"id":686,"date":"2016-05-20T11:44:10","date_gmt":"2016-05-20T09:44:10","guid":{"rendered":"http:\/\/www.justsardinia.it\/?page_id=686"},"modified":"2016-06-27T11:37:11","modified_gmt":"2016-06-27T09:37:11","slug":"a-propos-de-nous","status":"publish","type":"page","link":"http:\/\/ncc-taxicostasmeralda.it\/index.php\/fr\/a-propos-de-nous\/","title":{"rendered":"A propos de nous"},"content":{"rendered":"<h3>Exp\u00e9rience et professionnalisme \u00e0 votre service!<\/h3>\n<p style=\"text-align: justify;\">Notre soci\u00e9t\u00e9, jeune et dynamique exerce depuis plusieurs ann\u00e9es dans le secteur du transport \u00e0 Santa Teresa Gallura o\u00f9 r\u00e9side son si\u00e8ge, nous op\u00e9rons sur toute\u00a0la Sardaigne et offrons une vaste gamme de services fond\u00e9s sous le signe de la ponctualit\u00e9 et du professionnalisme.<\/p>\n<p style=\"text-align: justify;\">Nous disposons d\u2019un large parc d\u2019automobiles qui nous permet d\u2019offrir un service de qualit\u00e9 \u00e0 des prix vraiment concurrentiels.<\/p>\n<p style=\"text-align: justify;\">C\u2019est gr\u00e2ce \u00e0 la collaboration avec les meilleures\u00a0 agences de voyages et les tours operateurs de la r\u00e9gion que nous organisons des excursions, circuits nationaux et internationaux.<\/p>\n<p style=\"text-align: justify;\">Nous sommes \u00e0 votre disposition pour:<\/p>\n<table id=\"tabelle_tw\">\n<tr>\n<td style=\"text-align:center;\" width=\"5%\"><i class=\"fa fa-cab fa-2x\"><\/i><\/td>\n<td style=\"vertical-align:middle;\" width=\"83%\"><a href=\"\/index.php\/servizio-taxi\/\">Service Taxi 24h sur 24h<\/a><\/td>\n<\/tr>\n<tr>\n<td style=\"text-align:center;\"><i class=\"fa fa-bus fa-2x\"><\/i><\/td>\n<td style=\"vertical-align:middle;\"><a href=\"\/index.php\/bus-e-minibus\/\">Autobus et minibus<\/a><\/td>\n<\/tr>\n<tr>\n<td style=\"text-align:center;\"><i class=\"fa fa-group fa-2x\"><\/i><\/td>\n<td><a href=\"\/index.php\/servizio-taxi\/\">Transfert individuel ou collectif<\/a><\/td>\n<\/tr>\n<tr>\n<td style=\"text-align:center;\"><i class=\"fa fa-car fa-2x\"><\/i><\/td>\n<td><a href=\"\/index.php\/noleggio-con-conducente\/\">V\u00e9hicule de luxe \u00e0 disposition<\/a><\/td>\n<\/tr>\n<tr>\n<td style=\"text-align:center;\"><i class=\"fa fa-male fa-2x\"><\/i><\/td>\n<td><a href=\"\/index.php\/noleggio-con-conducente\/\">Location avec chauffeur<\/a><\/td>\n<\/tr>\n<tr>\n<td style=\"text-align:center;\"><i class=\"fa fa-key fa-2x\"><\/i><\/td>\n<td><a href=\"http:\/\/www.justsardinia.it\/index.php\/autonoleggio\/\">Location v\u00e9hicule, scooter et VTT<\/a><\/td>\n<\/tr>\n<tr>\n<td style=\"text-align:center;\"><i class=\"fa fa-gift fa-2x\"><\/i><\/td>\n<td><a href=\"\/index.php\/autonoleggio-cerimonie\/\">Location de voiture de c\u00e9r\u00e9monie et \u00e9v\u00e9nements<\/a><\/td>\n<\/tr>\n<tr>\n<td style=\"text-align:center;\"><i class=\"fa fa-map-signs fa-2x\"><\/i><\/td>\n<td><a href=\"t\/index.php\/escursioni\/escursioni-in-fuoristrada\/\">Excursion en 4X4<\/a><\/td>\n<\/tr>\n<tr>\n<td style=\"text-align:center;\"><i class=\"fa fa-road fa-2x\"><\/i><\/td>\n<td><a \/index.php\/escursioni\/\">Circuits nationaux et internationaux<\/a><\/td>\n<\/tr>\n<\/table>\n","protected":false},"excerpt":{"rendered":"<p>Exp\u00e9rience et professionnalisme \u00e0 votre service! Notre soci\u00e9t\u00e9, jeune et dynamique exerce depuis plusieurs ann\u00e9es dans le secteur du transport \u00e0 Santa Teresa Gallura o\u00f9 r\u00e9side son si\u00e8ge, nous op\u00e9rons sur toute\u00a0la Sardaigne et offrons une vaste gamme de services fond\u00e9s sous le signe de la ponctualit\u00e9 et du professionnalisme. [&hellip;]<\/p>\n","protected":false},"author":118,"featured_media":231,"parent":0,"menu_order":10,"comment_status":"closed","ping_status":"closed","template":"","meta":[],"yoast_head":"<!-- This site is optimized with the Yoast SEO plugin v17.0 - https:\/\/yoast.com\/wordpress\/plugins\/seo\/ -->\r\n<title>A propos de nous - Just Sardinia<\/title>\r\n<meta name=\"robots\" content=\"index, follow, max-snippet:-1, max-image-preview:large, max-video-preview:-1\" \/>\r\n<link rel=\"canonical\" href=\"http:\/\/taxisantateresagallura.it\/index.php\/fr\/a-propos-de-nous\/\" \/>\r\n<meta property=\"og:locale\" content=\"it_IT\" \/>\r\n<meta property=\"og:type\" content=\"article\" \/>\r\n<meta property=\"og:title\" content=\"A propos de nous - Just Sardinia\" \/>\r\n<meta property=\"og:description\" content=\"Exp\u00e9rience et professionnalisme \u00e0 votre service! Notre soci\u00e9t\u00e9, jeune et dynamique exerce depuis plusieurs ann\u00e9es dans le secteur du transport \u00e0 Santa Teresa Gallura o\u00f9 r\u00e9side son si\u00e8ge, nous op\u00e9rons sur toute\u00a0la Sardaigne et offrons une vaste gamme de services fond\u00e9s sous le signe de la ponctualit\u00e9 et du professionnalisme. [&hellip;]\" \/>\r\n<meta property=\"og:url\" content=\"http:\/\/taxisantateresagallura.it\/index.php\/fr\/a-propos-de-nous\/\" \/>\r\n<meta property=\"og:site_name\" content=\"Just Sardinia\" \/>\r\n<meta property=\"article:modified_time\" content=\"2016-06-27T09:37:11+00:00\" \/>\r\n<meta property=\"og:image\" content=\"http:\/\/taxisardegna.net\/wp-content\/uploads\/2015\/12\/chi_siamo.jpg\" \/>\r\n\t<meta property=\"og:image:width\" content=\"1024\" \/>\r\n\t<meta property=\"og:image:height\" content=\"160\" \/>\r\n<meta name=\"twitter:card\" content=\"summary_large_image\" \/>\r\n<meta name=\"twitter:label1\" content=\"Tempo di lettura stimato\" \/>\n\t<meta name=\"twitter:data1\" content=\"1 minuto\" \/>\r\n<script type=\"application\/ld+json\" class=\"yoast-schema-graph\">{\"@context\":\"https:\/\/schema.org\",\"@graph\":[{\"@type\":\"WebSite\",\"@id\":\"http:\/\/ncc-taxisantateresagallura.it\/index.php\/en\/#website\",\"url\":\"http:\/\/ncc-taxisantateresagallura.it\/index.php\/en\/\",\"name\":\"Just Sardinia\",\"description\":\"...the best way to travel\",\"potentialAction\":[{\"@type\":\"SearchAction\",\"target\":{\"@type\":\"EntryPoint\",\"urlTemplate\":\"http:\/\/ncc-taxisantateresagallura.it\/index.php\/en\/?s={search_term_string}\"},\"query-input\":\"required name=search_term_string\"}],\"inLanguage\":\"it-IT\"},{\"@type\":\"ImageObject\",\"@id\":\"http:\/\/taxisantateresagallura.it\/index.php\/fr\/a-propos-de-nous\/#primaryimage\",\"inLanguage\":\"it-IT\",\"url\":\"http:\/\/ncc-taxicostasmeralda.it\/wp-content\/uploads\/2015\/12\/chi_siamo.jpg\",\"contentUrl\":\"http:\/\/ncc-taxicostasmeralda.it\/wp-content\/uploads\/2015\/12\/chi_siamo.jpg\",\"width\":1024,\"height\":160},{\"@type\":\"WebPage\",\"@id\":\"http:\/\/taxisantateresagallura.it\/index.php\/fr\/a-propos-de-nous\/#webpage\",\"url\":\"http:\/\/taxisantateresagallura.it\/index.php\/fr\/a-propos-de-nous\/\",\"name\":\"A propos de nous - Just Sardinia\",\"isPartOf\":{\"@id\":\"http:\/\/ncc-taxisantateresagallura.it\/index.php\/en\/#website\"},\"primaryImageOfPage\":{\"@id\":\"http:\/\/taxisantateresagallura.it\/index.php\/fr\/a-propos-de-nous\/#primaryimage\"},\"datePublished\":\"2016-05-20T09:44:10+00:00\",\"dateModified\":\"2016-06-27T09:37:11+00:00\",\"breadcrumb\":{\"@id\":\"http:\/\/taxisantateresagallura.it\/index.php\/fr\/a-propos-de-nous\/#breadcrumb\"},\"inLanguage\":\"it-IT\",\"potentialAction\":[{\"@type\":\"ReadAction\",\"target\":[\"http:\/\/taxisantateresagallura.it\/index.php\/fr\/a-propos-de-nous\/\"]}]},{\"@type\":\"BreadcrumbList\",\"@id\":\"http:\/\/taxisantateresagallura.it\/index.php\/fr\/a-propos-de-nous\/#breadcrumb\",\"itemListElement\":[{\"@type\":\"ListItem\",\"position\":1,\"name\":\"Home\",\"item\":\"http:\/\/ncc-taxisantateresagallura.it\/index.php\/en\/\"},{\"@type\":\"ListItem\",\"position\":2,\"name\":\"A propos de nous\"}]}]}<\/script>\r\n<!-- \/ Yoast SEO plugin. -->","yoast_head_json":{"title":"A propos de nous - Just Sardinia","robots":{"index":"index","follow":"follow","max-snippet":"max-snippet:-1","max-image-preview":"max-image-preview:large","max-video-preview":"max-video-preview:-1"},"canonical":"http:\/\/taxisantateresagallura.it\/index.php\/fr\/a-propos-de-nous\/","og_locale":"it_IT","og_type":"article","og_title":"A propos de nous - Just Sardinia","og_description":"Exp\u00e9rience et professionnalisme \u00e0 votre service! Notre soci\u00e9t\u00e9, jeune et dynamique exerce depuis plusieurs ann\u00e9es dans le secteur du transport \u00e0 Santa Teresa Gallura o\u00f9 r\u00e9side son si\u00e8ge, nous op\u00e9rons sur toute\u00a0la Sardaigne et offrons une vaste gamme de services fond\u00e9s sous le signe de la ponctualit\u00e9 et du professionnalisme. [&hellip;]","og_url":"http:\/\/taxisantateresagallura.it\/index.php\/fr\/a-propos-de-nous\/","og_site_name":"Just Sardinia","article_modified_time":"2016-06-27T09:37:11+00:00","og_image":[{"width":1024,"height":160,"url":"http:\/\/taxisardegna.net\/wp-content\/uploads\/2015\/12\/chi_siamo.jpg","path":"C:\\inetpub\\wwwroot\\WP_justsardinia\/wp-content\/uploads\/2015\/12\/chi_siamo.jpg","size":"full","id":231,"alt":"","pixels":163840,"type":"image\/jpeg"}],"twitter_card":"summary_large_image","twitter_misc":{"Tempo di lettura stimato":"1 minuto"},"schema":{"@context":"https:\/\/schema.org","@graph":[{"@type":"WebSite","@id":"http:\/\/ncc-taxisantateresagallura.it\/index.php\/en\/#website","url":"http:\/\/ncc-taxisantateresagallura.it\/index.php\/en\/","name":"Just Sardinia","description":"...the best way to travel","potentialAction":[{"@type":"SearchAction","target":{"@type":"EntryPoint","urlTemplate":"http:\/\/ncc-taxisantateresagallura.it\/index.php\/en\/?s={search_term_string}"},"query-input":"required name=search_term_string"}],"inLanguage":"it-IT"},{"@type":"ImageObject","@id":"http:\/\/taxisantateresagallura.it\/index.php\/fr\/a-propos-de-nous\/#primaryimage","inLanguage":"it-IT","url":"http:\/\/ncc-taxicostasmeralda.it\/wp-content\/uploads\/2015\/12\/chi_siamo.jpg","contentUrl":"http:\/\/ncc-taxicostasmeralda.it\/wp-content\/uploads\/2015\/12\/chi_siamo.jpg","width":1024,"height":160},{"@type":"WebPage","@id":"http:\/\/taxisantateresagallura.it\/index.php\/fr\/a-propos-de-nous\/#webpage","url":"http:\/\/taxisantateresagallura.it\/index.php\/fr\/a-propos-de-nous\/","name":"A propos de nous - Just Sardinia","isPartOf":{"@id":"http:\/\/ncc-taxisantateresagallura.it\/index.php\/en\/#website"},"primaryImageOfPage":{"@id":"http:\/\/taxisantateresagallura.it\/index.php\/fr\/a-propos-de-nous\/#primaryimage"},"datePublished":"2016-05-20T09:44:10+00:00","dateModified":"2016-06-27T09:37:11+00:00","breadcrumb":{"@id":"http:\/\/taxisantateresagallura.it\/index.php\/fr\/a-propos-de-nous\/#breadcrumb"},"inLanguage":"it-IT","potentialAction":[{"@type":"ReadAction","target":["http:\/\/taxisantateresagallura.it\/index.php\/fr\/a-propos-de-nous\/"]}]},{"@type":"BreadcrumbList","@id":"http:\/\/taxisantateresagallura.it\/index.php\/fr\/a-propos-de-nous\/#breadcrumb","itemListElement":[{"@type":"ListItem","position":1,"name":"Home","item":"http:\/\/ncc-taxisantateresagallura.it\/index.php\/en\/"},{"@type":"ListItem","position":2,"name":"A propos de nous"}]}]}},"_links":{"self":[{"href":"http:\/\/ncc-taxicostasmeralda.it\/index.php\/wp-json\/wp\/v2\/pages\/686"}],"collection":[{"href":"http:\/\/ncc-taxicostasmeralda.it\/index.php\/wp-json\/wp\/v2\/pages"}],"about":[{"href":"http:\/\/ncc-taxicostasmeralda.it\/index.php\/wp-json\/wp\/v2\/types\/page"}],"author":[{"embeddable":true,"href":"http:\/\/ncc-taxicostasmeralda.it\/index.php\/wp-json\/wp\/v2\/users\/118"}],"replies":[{"embeddable":true,"href":"http:\/\/ncc-taxicostasmeralda.it\/index.php\/wp-json\/wp\/v2\/comments?post=686"}],"version-history":[{"count":6,"href":"http:\/\/ncc-taxicostasmeralda.it\/index.php\/wp-json\/wp\/v2\/pages\/686\/revisions"}],"predecessor-version":[{"id":1107,"href":"http:\/\/ncc-taxicostasmeralda.it\/index.php\/wp-json\/wp\/v2\/pages\/686\/revisions\/1107"}],"wp:featuredmedia":[{"embeddable":true,"href":"http:\/\/ncc-taxicostasmeralda.it\/index.php\/wp-json\/wp\/v2\/media\/231"}],"wp:attachment":[{"href":"http:\/\/ncc-taxicostasmeralda.it\/index.php\/wp-json\/wp\/v2\/media?parent=686"}],"curies":[{"name":"wp","href":"https:\/\/api.w.org\/{rel}","templated":true}]}}